{"id":2427,"date":"2023-05-16T08:12:10","date_gmt":"2023-05-16T08:12:10","guid":{"rendered":"https:\/\/www.supreme-holidays.eu\/izjava-o-zasebnosti\/"},"modified":"2023-05-16T08:58:51","modified_gmt":"2023-05-16T08:58:51","slug":"izjava-o-zasebnosti","status":"publish","type":"page","link":"https:\/\/www.supreme-holidays.eu\/sl\/izjava-o-zasebnosti\/","title":{"rendered":"Izjava o zasebnosti"},"content":{"rendered":"\t\t<div data-elementor-type=\"wp-page\" data-elementor-id=\"2427\" class=\"elementor elementor-2427 elementor-2420\" data-elementor-post-type=\"page\">\n\t\t\t\t<div class=\"elementor-element elementor-element-1ede001 e-flex e-con-boxed e-con e-parent\" data-id=\"1ede001\" data-element_type=\"container\">\n\t\t\t\t\t<div class=\"e-con-inner\">\n\t\t\t\t<div class=\"elementor-element elementor-element-0cfbf6b elementor-widget elementor-widget-heading\" data-id=\"0cfbf6b\" data-element_type=\"widget\" data-widget_type=\"heading.default\">\n\t\t\t\t<div class=\"elementor-widget-container\">\n\t\t\t\t\t<h2 class=\"elementor-heading-title elementor-size-default\">Izjava o zasebnosti<\/h2>\t\t\t\t<\/div>\n\t\t\t\t<\/div>\n\t\t\t\t<div class=\"elementor-element elementor-element-4202cfe elementor-widget elementor-widget-text-editor\" data-id=\"4202cfe\" data-element_type=\"widget\" data-widget_type=\"text-editor.default\">\n\t\t\t\t<div class=\"elementor-widget-container\">\n\t\t\t\t\t\t\t\t\t<p> Zavezani smo k ohranjanju to\u010dnosti, zaupnosti in varnosti va\u0161ih osebnih podatkov (\u00bbosebni podatki\u00ab). Kot del te zaveze na\u0161 pravilnik o zasebnosti ureja na\u0161a dejanja, ki se nana\u0161ajo na zbiranje, uporabo in razkritje osebnih podatkov. Na\u0161a politika zasebnosti temelji na vrednotah, ki jih je dolo\u010dila EU.<\/p>\n<p><strong>1. Uvod<\/strong><\/p>\n<p>Odgovorni smo za vzdr\u017eevanje in za\u0161\u010dito osebnih podatkov pod na\u0161im nadzorom. Dolo\u010dili smo posameznika ali posameznike, ki so\/so odgovorni za skladnost z na\u0161o politiko zasebnosti.<\/p>\n<p><strong>2. Prepoznavanje namenov<\/strong><\/p>\n<p>Osebne podatke zbiramo, uporabljamo in razkrivamo, da vam zagotovimo izdelek ali storitev, ki ste jo zahtevali, in da vam ponudimo dodatne izdelke in storitve, za katere menimo, da bi vas utegnili zanimati. Nameni, za katere zbiramo osebne podatke, bodo opredeljeni pred ali v \u010dasu zbiranja podatkov. V dolo\u010denih okoli\u0161\u010dinah so lahko nameni, za katere se zbirajo podatki, jasni in soglasje lahko implicitno, na primer, \u010de so va\u0161e ime, naslov in podatki o pla\u010dilu navedeni kot del postopka naro\u010dila.<\/p>\n<p><strong>3. Soglasje<\/strong><\/p>\n<p>Za zbiranje, uporabo ali razkritje osebnih podatkov sta potrebna vednost in soglasje, razen kadar to zahteva ali dovoljuje zakon. Posredovanje va\u0161ih osebnih podatkov je vedno va\u0161a izbira. Vendar pa lahko va\u0161a odlo\u010ditev, da ne posredujete dolo\u010denih informacij, omeji na\u0161o zmo\u017enost, da vam zagotovimo na\u0161e izdelke ali storitve. Od vas ne bomo zahtevali, da privolite v zbiranje, uporabo ali razkritje informacij kot pogoj za dobavo izdelka ali storitve, razen \u010de je potrebno, da lahko zagotovite izdelek ali storitev.<\/p>\n<p><strong>4. Omejevanje zbiranja<\/strong><\/p>\n<p>Zbrani osebni podatki bodo omejeni na tiste podrobnosti, ki so potrebne za namene, ki smo jih opredelili. Z va\u0161im soglasjem lahko zbiramo osebne podatke od vas osebno, po telefonu ali z dopisovanjem z vami po po\u0161ti, faksu ali internetu.<\/p>\n<p><strong>5. Omejitev uporabe, razkritja in hrambe<\/strong><\/p>\n<p>Osebni podatki se lahko uporabljajo ali razkrijejo samo za namen, za katerega so bili zbrani, razen \u010de ste privolili druga\u010de ali \u010de to zahteva ali dovoljuje zakon. Osebne podatke bomo hranili le toliko \u010dasa, kolikor je potrebno za izpolnitev namena, za katerega smo jih zbrali, ali kot to zahteva zakon. <strong>[d<\/strong> <strong>w]<\/strong><\/p>\n<p><strong>6. Natan\u010dnost<\/strong><\/p>\n<p>Osebni podatki se bodo hranili v to\u010dni, popolni in posodobljeni obliki, kot je potrebno za izpolnitev namenov, za katere se bodo uporabljali.<\/p>\n<p> <strong>7. Varovanje podatkov o strankah<\/strong><\/p>\n<p>Osebni podatki bodo za\u0161\u010diteni z varnostnimi za\u0161\u010ditnimi ukrepi, ki ustrezajo stopnji ob\u010dutljivosti informacij. Izvajamo vse razumne varnostne ukrepe za za\u0161\u010dito va\u0161ih osebnih podatkov pred kakr\u0161no koli izgubo ali nepoobla\u0161\u010deno uporabo, dostopom ali razkritjem.<\/p>\n<p><strong>8. Odprtost<\/strong><\/p>\n<p>Na voljo vam bomo dali informacije o na\u0161ih politikah in praksah v zvezi z upravljanjem va\u0161ih osebnih podatkov.<\/p>\n<p><strong>9. Dostop do strank<\/strong><\/p>\n<p>Na zahtevo boste obve\u0161\u010deni o obstoju, uporabi in razkritju va\u0161ih osebnih podatkov ter vam bo omogo\u010den dostop do njih. Lahko preverite to\u010dnost in popolnost svojih osebnih podatkov in lahko zahtevate, da se po potrebi spremenijo. Vendar pa vam v dolo\u010denih okoli\u0161\u010dinah, ki jih dovoljuje zakon, dolo\u010denih informacij ne bomo razkrili. Na primer, ne smemo razkriti informacij v zvezi z vami, \u010de so omenjeni drugi posamezniki ali \u010de obstajajo pravne, varnostne ali komercialne lastni\u0161ke omejitve.<\/p>\n<p><strong>10. Obravnavanje prito\u017eb in predlogov strank<\/strong> <\/p>\n<p>Vsa vpra\u0161anja ali poizvedbe v zvezi z na\u0161o politiko zasebnosti ali na\u0161imi praksami lahko naslovite na<\/p>\n<p>naslov:<\/p>\n<p>Agilitas d.o.o.<\/p>\n<p>Gabr\u0161\u010dkova ulica 109<\/p>\n<p>1000 Ljubljana<\/p>\n<p>info@supreme-holidays.eu<\/p>\n<\/p>\n<p><strong>Dodatne informacije<\/strong><\/p>\n<p><em><strong>Pi\u0161kotki<\/strong><\/em><\/p>\n<p>Pi\u0161kotek je majhna ra\u010dunalni\u0161ka datoteka ali podatek, ki se lahko shrani na trdi disk va\u0161ega ra\u010dunalnika, ko obi\u0161\u010dete na\u0161e spletne strani. Pi\u0161kotke lahko uporabljamo za izbolj\u0161anje funkcionalnosti na\u0161ega spletnega mesta in v nekaterih primerih za zagotavljanje prilagojene spletne izku\u0161nje obiskovalcem.<\/p>\n<p>Pi\u0161kotki se pogosto uporabljajo in ve\u010dina spletnih brskalnikov je na za\u010detku konfiguriranih tako, da samodejno sprejemajo pi\u0161kotke. Nastavitve internetnega brskalnika lahko spremenite tako, da prepre\u010dite, da bi va\u0161 ra\u010dunalnik sprejemal pi\u0161kotke, ali da vas obvesti, ko prejmete pi\u0161kotek, tako da lahko zavrnete njegovo sprejetje. Upo\u0161tevajte pa, da \u010de onemogo\u010dite pi\u0161kotke, na\u0161e spletno mesto morda ne bo delovalo optimalno.<\/p>\n<p><em><strong> <\/strong><\/em><\/p>\n<p><em><strong>Druga spletna mesta<\/strong><\/em><\/p>\n<p>Na\u0161e spletno mesto lahko vsebuje povezave do spletnih mest drugih tretjih oseb, ki jih ta politika zasebnosti ne ureja. \u010ceprav se trudimo povezovati samo do spletnih mest z visokimi standardi zasebnosti, na\u0161a politika zasebnosti ne bo ve\u010d veljala, ko zapustite na\u0161e spletno mesto. Poleg tega nismo odgovorni za prakse zasebnosti, ki jih uporabljajo spletna mesta tretjih oseb. Zato vam predlagamo, da pregledate izjave o zasebnosti teh spletnih mest, da izveste, kako se va\u0161i podatki lahko zbirajo, uporabljajo, delijo in razkrivajo.<\/p>\n\t\t\t\t\t\t\t\t<\/div>\n\t\t\t\t<\/div>\n\t\t\t\t\t<\/div>\n\t\t\t\t<\/div>\n\t\t\t\t<\/div>\n\t\t","protected":false},"excerpt":{"rendered":"<p>Izjava o zasebnosti Zavezani smo k ohranjanju to\u010dnosti, zaupnosti in varnosti va\u0161ih osebnih podatkov (\u00bbosebni podatki\u00ab). Kot del te zaveze na\u0161 pravilnik o zasebnosti ureja na\u0161a dejanja, ki se nana\u0161ajo na zbiranje, uporabo in razkritje osebnih podatkov. Na\u0161a politika zasebnosti temelji na vrednotah, ki jih je dolo\u010dila EU. 1. Uvod Odgovorni smo za vzdr\u017eevanje in [&hellip;]<\/p>\n","protected":false},"author":1,"featured_media":0,"parent":0,"menu_order":0,"comment_status":"closed","ping_status":"closed","template":"","meta":{"footnotes":""},"class_list":["post-2427","page","type-page","status-publish","hentry"],"yoast_head":"<!-- This site is optimized with the Yoast SEO plugin v25.8 - https:\/\/yoast.com\/wordpress\/plugins\/seo\/ -->\n<title>Izjava o zasebnosti - Supreme Holidays<\/title>\n<meta name=\"robots\" content=\"index, follow, max-snippet:-1, max-image-preview:large, max-video-preview:-1\" \/>\n<link rel=\"canonical\" href=\"https:\/\/www.supreme-holidays.eu\/sl\/izjava-o-zasebnosti\/\" \/>\n<meta property=\"og:locale\" content=\"sl_SI\" \/>\n<meta property=\"og:type\" content=\"article\" \/>\n<meta property=\"og:title\" content=\"Izjava o zasebnosti - Supreme Holidays\" \/>\n<meta property=\"og:description\" content=\"Izjava o zasebnosti Zavezani smo k ohranjanju to\u010dnosti, zaupnosti in varnosti va\u0161ih osebnih podatkov (\u00bbosebni podatki\u00ab). Kot del te zaveze na\u0161 pravilnik o zasebnosti ureja na\u0161a dejanja, ki se nana\u0161ajo na zbiranje, uporabo in razkritje osebnih podatkov. Na\u0161a politika zasebnosti temelji na vrednotah, ki jih je dolo\u010dila EU. 1. Uvod Odgovorni smo za vzdr\u017eevanje in [&hellip;]\" \/>\n<meta property=\"og:url\" content=\"https:\/\/www.supreme-holidays.eu\/sl\/izjava-o-zasebnosti\/\" \/>\n<meta property=\"og:site_name\" content=\"Supreme Holidays\" \/>\n<meta property=\"article:publisher\" content=\"https:\/\/www.facebook.com\/HousePlanica\/\" \/>\n<meta property=\"article:modified_time\" content=\"2023-05-16T08:58:51+00:00\" \/>\n<meta property=\"og:image\" content=\"https:\/\/www.supreme-holidays.eu\/wp-content\/uploads\/2023\/12\/exerpt-house-planica.webp\" \/>\n\t<meta property=\"og:image:width\" content=\"1200\" \/>\n\t<meta property=\"og:image:height\" content=\"628\" \/>\n\t<meta property=\"og:image:type\" content=\"image\/webp\" \/>\n<meta name=\"twitter:card\" content=\"summary_large_image\" \/>\n<meta name=\"twitter:label1\" content=\"Est. reading time\" \/>\n\t<meta name=\"twitter:data1\" content=\"4 minute\" \/>\n<script type=\"application\/ld+json\" class=\"yoast-schema-graph\">{\"@context\":\"https:\/\/schema.org\",\"@graph\":[{\"@type\":\"WebPage\",\"@id\":\"https:\/\/www.supreme-holidays.eu\/sl\/izjava-o-zasebnosti\/\",\"url\":\"https:\/\/www.supreme-holidays.eu\/sl\/izjava-o-zasebnosti\/\",\"name\":\"Izjava o zasebnosti - Supreme Holidays\",\"isPartOf\":{\"@id\":\"https:\/\/www.supreme-holidays.eu\/sl\/#website\"},\"datePublished\":\"2023-05-16T08:12:10+00:00\",\"dateModified\":\"2023-05-16T08:58:51+00:00\",\"breadcrumb\":{\"@id\":\"https:\/\/www.supreme-holidays.eu\/sl\/izjava-o-zasebnosti\/#breadcrumb\"},\"inLanguage\":\"sl-SI\",\"potentialAction\":[{\"@type\":\"ReadAction\",\"target\":[\"https:\/\/www.supreme-holidays.eu\/sl\/izjava-o-zasebnosti\/\"]}]},{\"@type\":\"BreadcrumbList\",\"@id\":\"https:\/\/www.supreme-holidays.eu\/sl\/izjava-o-zasebnosti\/#breadcrumb\",\"itemListElement\":[{\"@type\":\"ListItem\",\"position\":1,\"name\":\"Home\",\"item\":\"https:\/\/www.supreme-holidays.eu\/sl\/\"},{\"@type\":\"ListItem\",\"position\":2,\"name\":\"Izjava o zasebnosti\"}]},{\"@type\":\"WebSite\",\"@id\":\"https:\/\/www.supreme-holidays.eu\/sl\/#website\",\"url\":\"https:\/\/www.supreme-holidays.eu\/sl\/\",\"name\":\"Supreme Holidays\",\"description\":\"Supreme Holidays the name of your best holidays ever!\",\"publisher\":{\"@id\":\"https:\/\/www.supreme-holidays.eu\/sl\/#organization\"},\"potentialAction\":[{\"@type\":\"SearchAction\",\"target\":{\"@type\":\"EntryPoint\",\"urlTemplate\":\"https:\/\/www.supreme-holidays.eu\/sl\/?s={search_term_string}\"},\"query-input\":{\"@type\":\"PropertyValueSpecification\",\"valueRequired\":true,\"valueName\":\"search_term_string\"}}],\"inLanguage\":\"sl-SI\"},{\"@type\":\"Organization\",\"@id\":\"https:\/\/www.supreme-holidays.eu\/sl\/#organization\",\"name\":\"Supreme Holidays\",\"url\":\"https:\/\/www.supreme-holidays.eu\/sl\/\",\"logo\":{\"@type\":\"ImageObject\",\"inLanguage\":\"sl-SI\",\"@id\":\"https:\/\/www.supreme-holidays.eu\/sl\/#\/schema\/logo\/image\/\",\"url\":\"https:\/\/www.supreme-holidays.eu\/wp-content\/uploads\/2025\/08\/supreme-logo-1x1-1.png\",\"contentUrl\":\"https:\/\/www.supreme-holidays.eu\/wp-content\/uploads\/2025\/08\/supreme-logo-1x1-1.png\",\"width\":350,\"height\":350,\"caption\":\"Supreme Holidays\"},\"image\":{\"@id\":\"https:\/\/www.supreme-holidays.eu\/sl\/#\/schema\/logo\/image\/\"},\"sameAs\":[\"https:\/\/www.facebook.com\/HousePlanica\/\",\"https:\/\/www.instagram.com\/houseplanica\"]}]}<\/script>\n<!-- \/ Yoast SEO plugin. -->","yoast_head_json":{"title":"Izjava o zasebnosti - Supreme Holidays","robots":{"index":"index","follow":"follow","max-snippet":"max-snippet:-1","max-image-preview":"max-image-preview:large","max-video-preview":"max-video-preview:-1"},"canonical":"https:\/\/www.supreme-holidays.eu\/sl\/izjava-o-zasebnosti\/","og_locale":"sl_SI","og_type":"article","og_title":"Izjava o zasebnosti - Supreme Holidays","og_description":"Izjava o zasebnosti Zavezani smo k ohranjanju to\u010dnosti, zaupnosti in varnosti va\u0161ih osebnih podatkov (\u00bbosebni podatki\u00ab). Kot del te zaveze na\u0161 pravilnik o zasebnosti ureja na\u0161a dejanja, ki se nana\u0161ajo na zbiranje, uporabo in razkritje osebnih podatkov. Na\u0161a politika zasebnosti temelji na vrednotah, ki jih je dolo\u010dila EU. 1. Uvod Odgovorni smo za vzdr\u017eevanje in [&hellip;]","og_url":"https:\/\/www.supreme-holidays.eu\/sl\/izjava-o-zasebnosti\/","og_site_name":"Supreme Holidays","article_publisher":"https:\/\/www.facebook.com\/HousePlanica\/","article_modified_time":"2023-05-16T08:58:51+00:00","og_image":[{"width":1200,"height":628,"url":"https:\/\/www.supreme-holidays.eu\/wp-content\/uploads\/2023\/12\/exerpt-house-planica.webp","type":"image\/webp"}],"twitter_card":"summary_large_image","twitter_misc":{"Est. reading time":"4 minute"},"schema":{"@context":"https:\/\/schema.org","@graph":[{"@type":"WebPage","@id":"https:\/\/www.supreme-holidays.eu\/sl\/izjava-o-zasebnosti\/","url":"https:\/\/www.supreme-holidays.eu\/sl\/izjava-o-zasebnosti\/","name":"Izjava o zasebnosti - Supreme Holidays","isPartOf":{"@id":"https:\/\/www.supreme-holidays.eu\/sl\/#website"},"datePublished":"2023-05-16T08:12:10+00:00","dateModified":"2023-05-16T08:58:51+00:00","breadcrumb":{"@id":"https:\/\/www.supreme-holidays.eu\/sl\/izjava-o-zasebnosti\/#breadcrumb"},"inLanguage":"sl-SI","potentialAction":[{"@type":"ReadAction","target":["https:\/\/www.supreme-holidays.eu\/sl\/izjava-o-zasebnosti\/"]}]},{"@type":"BreadcrumbList","@id":"https:\/\/www.supreme-holidays.eu\/sl\/izjava-o-zasebnosti\/#breadcrumb","itemListElement":[{"@type":"ListItem","position":1,"name":"Home","item":"https:\/\/www.supreme-holidays.eu\/sl\/"},{"@type":"ListItem","position":2,"name":"Izjava o zasebnosti"}]},{"@type":"WebSite","@id":"https:\/\/www.supreme-holidays.eu\/sl\/#website","url":"https:\/\/www.supreme-holidays.eu\/sl\/","name":"Supreme Holidays","description":"Supreme Holidays the name of your best holidays ever!","publisher":{"@id":"https:\/\/www.supreme-holidays.eu\/sl\/#organization"},"potentialAction":[{"@type":"SearchAction","target":{"@type":"EntryPoint","urlTemplate":"https:\/\/www.supreme-holidays.eu\/sl\/?s={search_term_string}"},"query-input":{"@type":"PropertyValueSpecification","valueRequired":true,"valueName":"search_term_string"}}],"inLanguage":"sl-SI"},{"@type":"Organization","@id":"https:\/\/www.supreme-holidays.eu\/sl\/#organization","name":"Supreme Holidays","url":"https:\/\/www.supreme-holidays.eu\/sl\/","logo":{"@type":"ImageObject","inLanguage":"sl-SI","@id":"https:\/\/www.supreme-holidays.eu\/sl\/#\/schema\/logo\/image\/","url":"https:\/\/www.supreme-holidays.eu\/wp-content\/uploads\/2025\/08\/supreme-logo-1x1-1.png","contentUrl":"https:\/\/www.supreme-holidays.eu\/wp-content\/uploads\/2025\/08\/supreme-logo-1x1-1.png","width":350,"height":350,"caption":"Supreme Holidays"},"image":{"@id":"https:\/\/www.supreme-holidays.eu\/sl\/#\/schema\/logo\/image\/"},"sameAs":["https:\/\/www.facebook.com\/HousePlanica\/","https:\/\/www.instagram.com\/houseplanica"]}]}},"_links":{"self":[{"href":"https:\/\/www.supreme-holidays.eu\/sl\/wp-json\/wp\/v2\/pages\/2427","targetHints":{"allow":["GET"]}}],"collection":[{"href":"https:\/\/www.supreme-holidays.eu\/sl\/wp-json\/wp\/v2\/pages"}],"about":[{"href":"https:\/\/www.supreme-holidays.eu\/sl\/wp-json\/wp\/v2\/types\/page"}],"author":[{"embeddable":true,"href":"https:\/\/www.supreme-holidays.eu\/sl\/wp-json\/wp\/v2\/users\/1"}],"replies":[{"embeddable":true,"href":"https:\/\/www.supreme-holidays.eu\/sl\/wp-json\/wp\/v2\/comments?post=2427"}],"version-history":[{"count":4,"href":"https:\/\/www.supreme-holidays.eu\/sl\/wp-json\/wp\/v2\/pages\/2427\/revisions"}],"predecessor-version":[{"id":2437,"href":"https:\/\/www.supreme-holidays.eu\/sl\/wp-json\/wp\/v2\/pages\/2427\/revisions\/2437"}],"wp:attachment":[{"href":"https:\/\/www.supreme-holidays.eu\/sl\/wp-json\/wp\/v2\/media?parent=2427"}],"curies":[{"name":"wp","href":"https:\/\/api.w.org\/{rel}","templated":true}]}}